{"id":2378,"date":"2019-07-04T15:11:52","date_gmt":"2019-07-04T15:11:52","guid":{"rendered":"https:\/\/bye-box.com\/?post_type=product&#038;p=2378"},"modified":"2020-06-15T07:44:48","modified_gmt":"2020-06-15T07:44:48","slug":"various-small","status":"publish","type":"product","link":"https:\/\/bye-box.com\/en\/product\/various-small\/","title":{"rendered":"Various, small"},"content":{"rendered":"<p><\/p>\n<table width=\"120\">\n<tbody>\n<tr>\n<td width=\"120\">Max 1 m \/ 14 kg<\/td>\n<\/tr>\n<\/tbody>\n<\/table>\n<p><\/p>","protected":false},"excerpt":{"rendered":"<p>Anything smaller than 1 m, less than 14 kg<\/p>\n","protected":false},"featured_media":2379,"template":"","meta":{"_acf_changed":false},"class_list":{"0":"post-2378","1":"product","2":"type-product","3":"status-publish","4":"has-post-thumbnail","6":"product_cat-julekassen","7":"product_cat-mindekassen","8":"product_cat-other","9":"product_cat-sommerkassen","10":"product_cat-vinterkassen","12":"first","13":"instock","14":"virtual","15":"sold-individually","16":"taxable","17":"purchasable","18":"product-type-subscription"},"acf":[],"yoast_head":"<!-- This site is optimized with the Yoast SEO plugin v27.3 - https:\/\/yoast.com\/product\/yoast-seo-wordpress\/ -->\n<title>Various, small - Bye-Box<\/title>\n<meta name=\"robots\" content=\"index, follow, max-snippet:-1, max-image-preview:large, max-video-preview:-1\" \/>\n<link rel=\"canonical\" href=\"https:\/\/bye-box.com\/en\/product\/various-small\/\" \/>\n<meta property=\"og:locale\" content=\"en_US\" \/>\n<meta property=\"og:type\" content=\"article\" \/>\n<meta property=\"og:title\" content=\"[:dk]Andet, lille[:en]Various, small[:] - Bye-Box\" \/>\n<meta property=\"og:description\" content=\"[:dk]Under 1 meter p\u00e5 l\u00e6ngste led. Max 14 kilo. Skal v\u00e6re robust eller pakket godt ind.[:en]Anything smaller than 1 m, less than 14 kg[:]\" \/>\n<meta property=\"og:url\" content=\"https:\/\/bye-box.com\/en\/product\/various-small\/\" \/>\n<meta property=\"og:site_name\" content=\"Bye-Box\" \/>\n<meta property=\"article:modified_time\" content=\"2020-06-15T07:44:48+00:00\" \/>\n<meta property=\"og:image\" content=\"https:\/\/bye-box.com\/wp-content\/uploads\/2019\/07\/Random@1x.png\" \/>\n\t<meta property=\"og:image:width\" content=\"223\" \/>\n\t<meta property=\"og:image:height\" content=\"213\" \/>\n\t<meta property=\"og:image:type\" content=\"image\/png\" \/>\n<meta name=\"twitter:card\" content=\"summary_large_image\" \/>\n<script type=\"application\/ld+json\" class=\"yoast-schema-graph\">{\"@context\":\"https:\\\/\\\/schema.org\",\"@graph\":[{\"@type\":\"WebPage\",\"@id\":\"https:\\\/\\\/bye-box.com\\\/en\\\/product\\\/various-small\\\/\",\"url\":\"https:\\\/\\\/bye-box.com\\\/en\\\/product\\\/various-small\\\/\",\"name\":\"[:dk]Andet, lille[:en]Various, small[:] - Bye-Box\",\"isPartOf\":{\"@id\":\"https:\\\/\\\/bye-box.com\\\/#website\"},\"primaryImageOfPage\":{\"@id\":\"https:\\\/\\\/bye-box.com\\\/en\\\/product\\\/various-small\\\/#primaryimage\"},\"image\":{\"@id\":\"https:\\\/\\\/bye-box.com\\\/en\\\/product\\\/various-small\\\/#primaryimage\"},\"thumbnailUrl\":\"https:\\\/\\\/bye-box.com\\\/wp-content\\\/uploads\\\/2019\\\/07\\\/Random@1x.png\",\"datePublished\":\"2019-07-04T15:11:52+00:00\",\"dateModified\":\"2020-06-15T07:44:48+00:00\",\"breadcrumb\":{\"@id\":\"https:\\\/\\\/bye-box.com\\\/en\\\/product\\\/various-small\\\/#breadcrumb\"},\"inLanguage\":\"en-US\",\"potentialAction\":[{\"@type\":\"ReadAction\",\"target\":[\"https:\\\/\\\/bye-box.com\\\/en\\\/product\\\/various-small\\\/\"]}]},{\"@type\":\"ImageObject\",\"inLanguage\":\"en-US\",\"@id\":\"https:\\\/\\\/bye-box.com\\\/en\\\/product\\\/various-small\\\/#primaryimage\",\"url\":\"https:\\\/\\\/bye-box.com\\\/wp-content\\\/uploads\\\/2019\\\/07\\\/Random@1x.png\",\"contentUrl\":\"https:\\\/\\\/bye-box.com\\\/wp-content\\\/uploads\\\/2019\\\/07\\\/Random@1x.png\",\"width\":223,\"height\":213},{\"@type\":\"BreadcrumbList\",\"@id\":\"https:\\\/\\\/bye-box.com\\\/en\\\/product\\\/various-small\\\/#breadcrumb\",\"itemListElement\":[{\"@type\":\"ListItem\",\"position\":1,\"name\":\"Hjem\",\"item\":\"https:\\\/\\\/bye-box.com\\\/\"},{\"@type\":\"ListItem\",\"position\":2,\"name\":\"Planl\u00e6g en afhentning\",\"item\":\"https:\\\/\\\/bye-box.com\\\/shop\\\/\"},{\"@type\":\"ListItem\",\"position\":3,\"name\":\"Various, small\"}]},{\"@type\":\"WebSite\",\"@id\":\"https:\\\/\\\/bye-box.com\\\/#website\",\"url\":\"https:\\\/\\\/bye-box.com\\\/\",\"name\":\"Bye-Box\",\"description\":\"We pick-up and store your stuff\",\"potentialAction\":[{\"@type\":\"SearchAction\",\"target\":{\"@type\":\"EntryPoint\",\"urlTemplate\":\"https:\\\/\\\/bye-box.com\\\/?s={search_term_string}\"},\"query-input\":{\"@type\":\"PropertyValueSpecification\",\"valueRequired\":true,\"valueName\":\"search_term_string\"}}],\"inLanguage\":\"en-US\"}]}<\/script>\n<!-- \/ Yoast SEO plugin. -->","yoast_head_json":{"title":"[:dk]Andet, lille[:en]Various, small[:] - Bye-Box","robots":{"index":"index","follow":"follow","max-snippet":"max-snippet:-1","max-image-preview":"max-image-preview:large","max-video-preview":"max-video-preview:-1"},"canonical":"https:\/\/bye-box.com\/en\/product\/various-small\/","og_locale":"en_US","og_type":"article","og_title":"[:dk]Andet, lille[:en]Various, small[:] - Bye-Box","og_description":"[:dk]Under 1 meter p\u00e5 l\u00e6ngste led. Max 14 kilo. Skal v\u00e6re robust eller pakket godt ind.[:en]Anything smaller than 1 m, less than 14 kg[:]","og_url":"https:\/\/bye-box.com\/en\/product\/various-small\/","og_site_name":"Bye-Box","article_modified_time":"2020-06-15T07:44:48+00:00","og_image":[{"width":223,"height":213,"url":"https:\/\/bye-box.com\/wp-content\/uploads\/2019\/07\/Random@1x.png","type":"image\/png"}],"twitter_card":"summary_large_image","schema":{"@context":"https:\/\/schema.org","@graph":[{"@type":"WebPage","@id":"https:\/\/bye-box.com\/en\/product\/various-small\/","url":"https:\/\/bye-box.com\/en\/product\/various-small\/","name":"[:dk]Andet, lille[:en]Various, small[:] - Bye-Box","isPartOf":{"@id":"https:\/\/bye-box.com\/#website"},"primaryImageOfPage":{"@id":"https:\/\/bye-box.com\/en\/product\/various-small\/#primaryimage"},"image":{"@id":"https:\/\/bye-box.com\/en\/product\/various-small\/#primaryimage"},"thumbnailUrl":"https:\/\/bye-box.com\/wp-content\/uploads\/2019\/07\/Random@1x.png","datePublished":"2019-07-04T15:11:52+00:00","dateModified":"2020-06-15T07:44:48+00:00","breadcrumb":{"@id":"https:\/\/bye-box.com\/en\/product\/various-small\/#breadcrumb"},"inLanguage":"en-US","potentialAction":[{"@type":"ReadAction","target":["https:\/\/bye-box.com\/en\/product\/various-small\/"]}]},{"@type":"ImageObject","inLanguage":"en-US","@id":"https:\/\/bye-box.com\/en\/product\/various-small\/#primaryimage","url":"https:\/\/bye-box.com\/wp-content\/uploads\/2019\/07\/Random@1x.png","contentUrl":"https:\/\/bye-box.com\/wp-content\/uploads\/2019\/07\/Random@1x.png","width":223,"height":213},{"@type":"BreadcrumbList","@id":"https:\/\/bye-box.com\/en\/product\/various-small\/#breadcrumb","itemListElement":[{"@type":"ListItem","position":1,"name":"Hjem","item":"https:\/\/bye-box.com\/"},{"@type":"ListItem","position":2,"name":"Planl\u00e6g en afhentning","item":"https:\/\/bye-box.com\/shop\/"},{"@type":"ListItem","position":3,"name":"Various, small"}]},{"@type":"WebSite","@id":"https:\/\/bye-box.com\/#website","url":"https:\/\/bye-box.com\/","name":"Bye-Box","description":"We pick-up and store your stuff","potentialAction":[{"@type":"SearchAction","target":{"@type":"EntryPoint","urlTemplate":"https:\/\/bye-box.com\/?s={search_term_string}"},"query-input":{"@type":"PropertyValueSpecification","valueRequired":true,"valueName":"search_term_string"}}],"inLanguage":"en-US"}]}},"_links":{"self":[{"href":"https:\/\/bye-box.com\/en\/wp-json\/wp\/v2\/product\/2378","targetHints":{"allow":["GET"]}}],"collection":[{"href":"https:\/\/bye-box.com\/en\/wp-json\/wp\/v2\/product"}],"about":[{"href":"https:\/\/bye-box.com\/en\/wp-json\/wp\/v2\/types\/product"}],"wp:featuredmedia":[{"embeddable":true,"href":"https:\/\/bye-box.com\/en\/wp-json\/wp\/v2\/media\/2379"}],"wp:attachment":[{"href":"https:\/\/bye-box.com\/en\/wp-json\/wp\/v2\/media?parent=2378"}],"curies":[{"name":"wp","href":"https:\/\/api.w.org\/{rel}","templated":true}]}}